{"id":231,"date":"2022-03-21T16:38:24","date_gmt":"2022-03-21T13:38:24","guid":{"rendered":"https:\/\/gurdagtugla.net\/?page_id=231"},"modified":"2022-07-21T16:55:39","modified_gmt":"2022-07-21T13:55:39","slug":"hakkimizda","status":"publish","type":"page","link":"https:\/\/gurdagtugla.net\/?page_id=231","title":{"rendered":"Hakk\u0131m\u0131zda"},"content":{"rendered":"\t\t<div data-elementor-type=\"wp-page\" data-elementor-id=\"231\" class=\"elementor elementor-231\">\n\t\t\t\t\t\t\t\t\t<section class=\"elementor-section elementor-top-section elementor-element elementor-element-51f55f4 elementor-section-full_width elementor-section-height-default elementor-section-height-default\" data-id=\"51f55f4\" data-element_type=\"section\">\n\t\t\t\t\t\t<div class=\"elementor-container elementor-column-gap-default\">\n\t\t\t\t\t<div class=\"elementor-column elementor-col-100 elementor-top-column elementor-element elementor-element-7b75156\" data-id=\"7b75156\" data-element_type=\"column\">\n\t\t\t<div class=\"elementor-widget-wrap elementor-element-populated\">\n\t\t\t\t\t\t\t\t<div class=\"elementor-element elementor-element-0c30a5a elementor-widget elementor-widget-image\" data-id=\"0c30a5a\" data-element_type=\"widget\" data-widget_type=\"image.default\">\n\t\t\t\t<div class=\"elementor-widget-container\">\n\t\t\t<style>\/*! elementor - v3.6.7 - 03-07-2022 *\/\n.elementor-widget-image{text-align:center}.elementor-widget-image a{display:inline-block}.elementor-widget-image a img[src$=\".svg\"]{width:48px}.elementor-widget-image img{vertical-align:middle;display:inline-block}<\/style>\t\t\t\t\t\t\t\t\t\t\t\t<img decoding=\"async\" width=\"800\" height=\"134\" src=\"https:\/\/gurdagtugla.net\/wp-content\/uploads\/2022\/07\/hakkimizda-1024x171.png\" class=\"attachment-large size-large\" alt=\"\" srcset=\"https:\/\/gurdagtugla.net\/wp-content\/uploads\/2022\/07\/hakkimizda-1024x171.png 1024w, https:\/\/gurdagtugla.net\/wp-content\/uploads\/2022\/07\/hakkimizda-300x50.png 300w, https:\/\/gurdagtugla.net\/wp-content\/uploads\/2022\/07\/hakkimizda-768x128.png 768w, https:\/\/gurdagtugla.net\/wp-content\/uploads\/2022\/07\/hakkimizda-1536x257.png 1536w, https:\/\/gurdagtugla.net\/wp-content\/uploads\/2022\/07\/hakkimizda.png 2000w\" sizes=\"(max-width: 800px) 100vw, 800px\" \/>\t\t\t\t\t\t\t\t\t\t\t\t\t\t\t<\/div>\n\t\t\t\t<\/div>\n\t\t\t\t\t<\/div>\n\t\t<\/div>\n\t\t\t\t\t\t\t<\/div>\n\t\t<\/section>\n\t\t\t\t<section class=\"elementor-section elementor-top-section elementor-element elementor-element-ef000e3 elementor-section-boxed elementor-section-height-default elementor-section-height-default\" data-id=\"ef000e3\" data-element_type=\"section\">\n\t\t\t\t\t\t<div class=\"elementor-container elementor-column-gap-default\">\n\t\t\t\t\t<div class=\"elementor-column elementor-col-50 elementor-top-column elementor-element elementor-element-48c5c78\" data-id=\"48c5c78\" data-element_type=\"column\">\n\t\t\t<div class=\"elementor-widget-wrap elementor-element-populated\">\n\t\t\t\t\t\t\t\t<div class=\"elementor-element elementor-element-025a62b pa-aspect-ratio-169 elementor-widget elementor-widget-premium-addon-video-box\" data-id=\"025a62b\" data-element_type=\"widget\" data-settings=\"{&quot;premium_video_box_video_type&quot;:&quot;youtube&quot;,&quot;aspect_ratio&quot;:&quot;169&quot;}\" data-widget_type=\"premium-addon-video-box.default\">\n\t\t\t\t<div class=\"elementor-widget-container\">\n\t\t\t\r\n\t\t<div >\r\n\t\t\t<div id=\"premium-video-box-container-025a62b\" class=\"premium-video-box-container\" data-overlay=\"true\" data-type=\"youtube\" data-thumbnail=\"1\" data-hover=\"none\">\r\n\t\t\t\t<div  >\r\n\t\t\t\t\t\t\t\t\t\t<div class=\"premium-video-box-inner-wrap\" data-video-animation=\" animated-\" data-delay-animation=\"\">\r\n\t\t\t\t\t\t<div data-src=\"https:\/\/www.youtube.com\/embed\/CQK2GKi6nOY?feature=oembed&amp;rel=0&amp;mute=0&amp;loop=0&amp;controls=1\" class=\"premium-video-box-video-container\">\r\n\t\t\t\t\t\t\t\r\n\t\t\t\t\t\t\t\t\t\t\t\t\t<\/div>\r\n\t\t\t\t\t\t\t<div style=\"background-image:url(&#039;https:\/\/gurdagtugla.net\/wp-content\/uploads\/2022\/03\/bvd.jpg&#039;)\" class=\"premium-video-box-image-container none\"><\/div>\r\n\t\t\t\t\t\t\t\t\t\t\t\t\t\t\t\t\t\t\t\t\t\t\t\t\t\t\t<div class=\"premium-video-box-play-icon-container\">\r\n\t\t\t\t\t\t\t\t<i class=\"premium-video-box-play-icon fa fa-play fa-lg\"><\/i>\r\n\t\t\t\t\t\t\t<\/div>\r\n\t\t\t\t\t\t\t\t\t\t\t\t\t\t\t\t\t<\/div>\r\n\t\t\t\t<\/div>\r\n\t\t\t<\/div>\r\n\t\t<\/div>\r\n\t\t\t\t<\/div>\n\t\t\t\t<\/div>\n\t\t\t\t\t<\/div>\n\t\t<\/div>\n\t\t\t\t<div class=\"elementor-column elementor-col-50 elementor-top-column elementor-element elementor-element-629fbab\" data-id=\"629fbab\" data-element_type=\"column\">\n\t\t\t<div class=\"elementor-widget-wrap elementor-element-populated\">\n\t\t\t\t\t\t\t\t<div class=\"elementor-element elementor-element-fa20c0c elementor-widget elementor-widget-text-editor\" data-id=\"fa20c0c\" data-element_type=\"widget\" data-widget_type=\"text-editor.default\">\n\t\t\t\t<div class=\"elementor-widget-container\">\n\t\t\t<style>\/*! elementor - v3.6.7 - 03-07-2022 *\/\n.elementor-widget-text-editor.elementor-drop-cap-view-stacked .elementor-drop-cap{background-color:#818a91;color:#fff}.elementor-widget-text-editor.elementor-drop-cap-view-framed .elementor-drop-cap{color:#818a91;border:3px solid;background-color:transparent}.elementor-widget-text-editor:not(.elementor-drop-cap-view-default) .elementor-drop-cap{margin-top:8px}.elementor-widget-text-editor:not(.elementor-drop-cap-view-default) .elementor-drop-cap-letter{width:1em;height:1em}.elementor-widget-text-editor .elementor-drop-cap{float:left;text-align:center;line-height:1;font-size:50px}.elementor-widget-text-editor .elementor-drop-cap-letter{display:inline-block}<\/style>\t\t\t\t<p><strong>\u00a0 \u00a0 \u00a0G\u00dcRDA\u011e \u00c7AKIL \u0130\u015eLETMELER\u0130 LTD. <\/strong>\u2019in temeli 1977\u2019de Merhum kurucumuz Hasan ERS\u00d6ZL\u00dc\u2019 n\u00fcn giri\u015fimleriyle, Ta\u015f oca\u011f\u0131 i\u015fletmecili\u011fi olarak sanayi hayat\u0131na ba\u015flam\u0131\u015ft\u0131r. 1987 y\u0131l\u0131nda ise kurulu\u015f \u015firketle\u015fme y\u00f6n\u00fcne giderek Mustafa Ers\u00f6zl\u00fc ve Cengiz Ers\u00f6zl\u00fc\u2019n\u00fcn ortakl\u0131\u011fa kat\u0131l\u0131m\u0131 ile kurumsal bir yap\u0131ya kavu\u015fmu\u015f oldu. \u015eirketimiz d\u00fcr\u00fcstl\u00fck ve \u00e7al\u0131\u015fkanl\u0131k ilkeleri ile s\u00fcratle geli\u015fip b\u00fcy\u00fcm\u00fc\u015ft\u00fcr. 2000 y\u0131l\u0131nda Haspolat Sanayi B\u00f6lgesinde harabe durumundaki bir tu\u011fla fabrikas\u0131 al\u0131narak , t\u00fcm olumsuzluklara ra\u011fmen bu i\u015fletmeye can verilerek, K.K.T.C sanayisine kazand\u0131r\u0131lm\u0131\u015ft\u0131r.\u00a0<span style=\"color: var( --e-global-color-text ); font-family: var( --e-global-typography-text-font-family ), Sans-serif; font-weight: var( --e-global-typography-text-font-weight ); font-size: 1rem;\">Bug\u00fcn <\/span><strong style=\"color: var( --e-global-color-text ); font-family: var( --e-global-typography-text-font-family ), Sans-serif; font-size: 1rem;\">G\u00dcRDA\u011e TU\u011eLA FABR\u0130KASI<\/strong><span style=\"color: var( --e-global-color-text ); font-family: var( --e-global-typography-text-font-family ), Sans-serif; font-weight: var( --e-global-typography-text-font-weight ); font-size: 1rem;\">\u00a0\u00fclkemizin en kaliteli tu\u011flas\u0131n\u0131 \u00fcreten fabrikalar\u0131ndan biridir. G\u00fcney K\u0131br\u0131s\u2019taki m\u00fc\u015fterilerimiz de bu kaliteyi bilmekte ve talep etmektedir. Taleplere kar\u015f\u0131l\u0131k verebilmek i\u00e7in G\u00fcrda\u011f Trading &amp; Industry Ltd. olarak biz de, \u00f6ncelikle CE Kalite Sertifikam\u0131z\u0131 ald\u0131k.<\/span><\/p>\t\t\t\t\t\t<\/div>\n\t\t\t\t<\/div>\n\t\t\t\t\t<\/div>\n\t\t<\/div>\n\t\t\t\t\t\t\t<\/div>\n\t\t<\/section>\n\t\t\t\t<section class=\"elementor-section elementor-top-section elementor-element elementor-element-80a94f2 elementor-section-boxed elementor-section-height-default elementor-section-height-default\" data-id=\"80a94f2\" data-element_type=\"section\">\n\t\t\t\t\t\t<div class=\"elementor-container elementor-column-gap-default\">\n\t\t\t\t\t<div class=\"elementor-column elementor-col-100 elementor-top-column elementor-element elementor-element-047eb9a\" data-id=\"047eb9a\" data-element_type=\"column\">\n\t\t\t<div class=\"elementor-widget-wrap elementor-element-populated\">\n\t\t\t\t\t\t\t\t<div class=\"elementor-element elementor-element-c3cfdde elementor-widget elementor-widget-text-editor\" data-id=\"c3cfdde\" data-element_type=\"widget\" data-widget_type=\"text-editor.default\">\n\t\t\t\t<div class=\"elementor-widget-container\">\n\t\t\t\t\t\t\t<p>\u00a0 \u00a0 \u00a0\u00a0T\u00fcketimin artt\u0131\u011f\u0131 \u00fcretimin ise s\u00fcrekli azald\u0131\u011f\u0131 \u00fclkemizde; var olman\u0131n ancak \u00fcretmekle m\u00fcmk\u00fcn k\u0131l\u0131nabilece\u011fi d\u00fc\u015f\u00fcncesini, kendine ilke edinen firmam\u0131z, bu \u00e7er\u00e7evede b\u00fcy\u00fck d\u00fc\u015f\u00fcnerek \u00fclkemizin iftihar edece\u011fi\u00a0<strong>G\u00dcRDA\u011e END\u00dcSTR\u0130YEL YAPI ELEMANLARI<\/strong>\u00a0Fabrikas\u0131n\u0131n temelini May\u0131s 2006\u2019 da atm\u0131\u015ft\u0131r. \u0130n\u015faat\u0131 1 y\u0131l s\u00fcren ve \u00fcst\u00fcn bir performans sergilenen \u00e7al\u0131\u015fmalar\u0131n ard\u0131ndan K.K.T.C.\u2019nin gururu olacak; yaln\u0131z K\u0131br\u0131s\u2019\u0131n Kuzey\u2019inde de\u011fil, b\u00f6lge co\u011frafyas\u0131 dahilinde ba\u015fka bir kurulu\u015fun sahip olamad\u0131\u011f\u0131, Alman Zenith AZ 865 Full Robotic teknolojisi sistemli, en modern yap\u0131 \u00fcr\u00fcnleri fabrikas\u0131 kurulmu\u015ftur. \u015eubat 2007de deneme \u00fcretimine ba\u015flayan Fabrikam\u0131z, May\u0131s 2007 itibariyle seri \u00fcretime ba\u015flam\u0131\u015ft\u0131r.\u00a0<\/p><p><strong>\u00a0 \u00a0 \u00a0G\u00dcRDA\u011e END\u00dcSTR\u0130YEL YAPI ELEMANLARI FABR\u0130KASI, K.K.T.C<\/strong>\u2019 de CE standartlar\u0131yla tasarlanarak yap\u0131lan; beton yer d\u00f6\u015feme ve kaplama ta\u015flar\u0131 ile hafif ve yal\u0131t\u0131ml\u0131 \u0130ZOB\u0130MS\u2019i \u00fcreterek yapan , AB standartlar\u0131nda \u00fcretim yapabilme yetene\u011fine sahip en b\u00fcy\u00fck ve tek fabrikad\u0131r. Bug\u00fcn\u00a0<strong>G\u00dcRDA\u011e \u00c7AKIL \u0130\u015eLETMELER\u0130 LTD.<\/strong>\u00a0b\u00fcnyesinde 130 personelin \u00e7al\u0131\u015ft\u0131\u011f\u0131, %100 yerli sermeye ile K\u0131br\u0131s\u2019ta \u00fcretim\u00a0 yapan b\u00fcy\u00fck ve dengeleyici bir kurulu\u015ftur.<\/p>\t\t\t\t\t\t<\/div>\n\t\t\t\t<\/div>\n\t\t\t\t\t<\/div>\n\t\t<\/div>\n\t\t\t\t\t\t\t<\/div>\n\t\t<\/section>\n\t\t\t\t\t\t\t<\/div>\n\t\t","protected":false},"excerpt":{"rendered":"<p>\u00a0 \u00a0 \u00a0G\u00dcRDA\u011e \u00c7AKIL \u0130\u015eLETMELER\u0130 LTD. \u2019in temeli 1977\u2019de Merhum kurucumuz Hasan ERS\u00d6ZL\u00dc\u2019 n\u00fcn giri\u015fimleriyle, Ta\u015f oca\u011f\u0131 i\u015fletmecili\u011fi olarak sanayi hayat\u0131na ba\u015flam\u0131\u015ft\u0131r. 1987 y\u0131l\u0131nda ise kurulu\u015f \u015firketle\u015fme y\u00f6n\u00fcne giderek Mustafa Ers\u00f6zl\u00fc ve Cengiz Ers\u00f6zl\u00fc\u2019n\u00fcn ortakl\u0131\u011fa kat\u0131l\u0131m\u0131 ile kurumsal bir yap\u0131ya kavu\u015fmu\u015f oldu. \u015eirketimiz d\u00fcr\u00fcstl\u00fck ve \u00e7al\u0131\u015fkanl\u0131k ilkeleri ile s\u00fcratle geli\u015fip b\u00fcy\u00fcm\u00fc\u015ft\u00fcr. 2000 y\u0131l\u0131nda Haspolat Sanayi [&hellip;]<\/p>\n","protected":false},"author":2,"featured_media":0,"parent":0,"menu_order":0,"comment_status":"closed","ping_status":"closed","template":"elementor_canvas","meta":{"footnotes":""},"class_list":["post-231","page","type-page","status-publish","hentry"],"_links":{"self":[{"href":"https:\/\/gurdagtugla.net\/index.php?rest_route=\/wp\/v2\/pages\/231","targetHints":{"allow":["GET"]}}],"collection":[{"href":"https:\/\/gurdagtugla.net\/index.php?rest_route=\/wp\/v2\/pages"}],"about":[{"href":"https:\/\/gurdagtugla.net\/index.php?rest_route=\/wp\/v2\/types\/page"}],"author":[{"embeddable":true,"href":"https:\/\/gurdagtugla.net\/index.php?rest_route=\/wp\/v2\/users\/2"}],"replies":[{"embeddable":true,"href":"https:\/\/gurdagtugla.net\/index.php?rest_route=%2Fwp%2Fv2%2Fcomments&post=231"}],"version-history":[{"count":40,"href":"https:\/\/gurdagtugla.net\/index.php?rest_route=\/wp\/v2\/pages\/231\/revisions"}],"predecessor-version":[{"id":635,"href":"https:\/\/gurdagtugla.net\/index.php?rest_route=\/wp\/v2\/pages\/231\/revisions\/635"}],"wp:attachment":[{"href":"https:\/\/gurdagtugla.net\/index.php?rest_route=%2Fwp%2Fv2%2Fmedia&parent=231"}],"curies":[{"name":"wp","href":"https:\/\/api.w.org\/{rel}","templated":true}]}}